{"id":160,"date":"2019-08-08T13:07:18","date_gmt":"2019-08-08T11:07:18","guid":{"rendered":"http:\/\/100000v.fr\/?page_id=160"},"modified":"2024-12-09T15:32:41","modified_gmt":"2024-12-09T14:32:41","slug":"abonnements","status":"publish","type":"page","link":"https:\/\/100000v.fr\/?page_id=160","title":{"rendered":"Abonnements &#038; Inscriptions"},"content":{"rendered":"\n<p style=\"font-size:19px\"><em>Un certificat m\u00e9dical d&#8217;aptitude \u00e0 la pratique sportive est conseill\u00e9<\/em> mais non obligatoire.<\/p>\n\n\n\n<h2>Inscriptions<\/h2>\n\n\n\n<p>Les inscriptions se font sur rendez-vous (100000v@free.fr ou au 06 51 03 95 02)<\/p>\n\n\n\n<h2>Formules d&#8217;abonnement:<\/h2>\n\n\n\n<figure class=\"wp-block-image size-full\"><img decoding=\"async\" loading=\"lazy\" width=\"831\" height=\"257\" src=\"https:\/\/100000v.fr\/wp-content\/uploads\/2024\/12\/abosport.jpg\" alt=\"\" class=\"wp-image-524\" srcset=\"https:\/\/100000v.fr\/wp-content\/uploads\/2024\/12\/abosport.jpg 831w, https:\/\/100000v.fr\/wp-content\/uploads\/2024\/12\/abosport-300x93.jpg 300w, https:\/\/100000v.fr\/wp-content\/uploads\/2024\/12\/abosport-768x238.jpg 768w\" sizes=\"(max-width: 831px) 100vw, 831px\" \/><\/figure>\n\n\n\n<h2>Conditions g\u00e9n\u00e9rales de vente<\/h2>\n\n\n\n<p><\/p>\n\n\n\n<div class=\"wp-block-file\"><a id=\"wp-block-file--media-155e51a5-d13c-4f99-bfd4-414c0facf692\" href=\"http:\/\/100000v.fr\/wp-content\/uploads\/2022\/09\/CGV-100000-VOLTS.pdf\">CGV-100000-VOLTS<\/a><a href=\"http:\/\/100000v.fr\/wp-content\/uploads\/2022\/09\/CGV-100000-VOLTS.pdf\" class=\"wp-block-file__button wp-element-button\" download aria-describedby=\"wp-block-file--media-155e51a5-d13c-4f99-bfd4-414c0facf692\">T\u00e9l\u00e9charger<\/a><\/div>\n\n\n\n<p><\/p>\n","protected":false},"excerpt":{"rendered":"<p>Un certificat m\u00e9dical d&#8217;aptitude \u00e0 la pratique sportive est conseill\u00e9 mais non obligatoire. Inscriptions Les inscriptions se font sur rendez-vous (100000v@free.fr ou au 06 51 03 95 02) Formules d&#8217;abonnement: Conditions g\u00e9n\u00e9rales de vente<\/p>\n","protected":false},"author":1,"featured_media":0,"parent":0,"menu_order":0,"comment_status":"closed","ping_status":"closed","template":"","meta":[],"_links":{"self":[{"href":"https:\/\/100000v.fr\/index.php?rest_route=\/wp\/v2\/pages\/160"}],"collection":[{"href":"https:\/\/100000v.fr\/index.php?rest_route=\/wp\/v2\/pages"}],"about":[{"href":"https:\/\/100000v.fr\/index.php?rest_route=\/wp\/v2\/types\/page"}],"author":[{"embeddable":true,"href":"https:\/\/100000v.fr\/index.php?rest_route=\/wp\/v2\/users\/1"}],"replies":[{"embeddable":true,"href":"https:\/\/100000v.fr\/index.php?rest_route=%2Fwp%2Fv2%2Fcomments&post=160"}],"version-history":[{"count":39,"href":"https:\/\/100000v.fr\/index.php?rest_route=\/wp\/v2\/pages\/160\/revisions"}],"predecessor-version":[{"id":525,"href":"https:\/\/100000v.fr\/index.php?rest_route=\/wp\/v2\/pages\/160\/revisions\/525"}],"wp:attachment":[{"href":"https:\/\/100000v.fr\/index.php?rest_route=%2Fwp%2Fv2%2Fmedia&parent=160"}],"curies":[{"name":"wp","href":"https:\/\/api.w.org\/{rel}","templated":true}]}}