{"id":191,"date":"2019-08-08T16:52:26","date_gmt":"2019-08-08T14:52:26","guid":{"rendered":"http:\/\/100000v.fr\/?page_id=191"},"modified":"2020-01-21T16:21:08","modified_gmt":"2020-01-21T15:21:08","slug":"equipement-de-la-salle","status":"publish","type":"page","link":"https:\/\/100000v.fr\/?page_id=191","title":{"rendered":"\u00c9quipement de la salle"},"content":{"rendered":"\n<p class=\"has-medium-font-size\">La salle de musculation est \u00e9quip\u00e9e par <a rel=\"noreferrer noopener\" aria-label=\"Panatta (s\u2019ouvre dans un nouvel onglet)\" href=\"https:\/\/www.panattasport.com\" target=\"_blank\">Panatta<\/a>, mat\u00e9riel haut de gamme.<\/p>\n\n\n\n<ul class=\"is-layout-flex wp-block-gallery-1 wp-block-gallery columns-4 is-cropped\"><li class=\"blocks-gallery-item\"><figure><img decoding=\"async\" loading=\"lazy\" width=\"800\" height=\"800\" src=\"http:\/\/100000v.fr\/wp-content\/uploads\/2019\/08\/horizontal-bike-fenix-led.jpg\" alt=\"\" data-id=\"221\" data-link=\"http:\/\/100000v.fr\/?attachment_id=221\" class=\"wp-image-221\" srcset=\"https:\/\/100000v.fr\/wp-content\/uploads\/2019\/08\/horizontal-bike-fenix-led.jpg 800w, https:\/\/100000v.fr\/wp-content\/uploads\/2019\/08\/horizontal-bike-fenix-led-150x150.jpg 150w, https:\/\/100000v.fr\/wp-content\/uploads\/2019\/08\/horizontal-bike-fenix-led-300x300.jpg 300w, https:\/\/100000v.fr\/wp-content\/uploads\/2019\/08\/horizontal-bike-fenix-led-768x768.jpg 768w\" sizes=\"(max-width: 800px) 100vw, 800px\" \/><figcaption>Horizontal Bike Fenix Led<\/figcaption><\/figure><\/li><li class=\"blocks-gallery-item\"><figure><img decoding=\"async\" loading=\"lazy\" width=\"800\" height=\"800\" src=\"http:\/\/100000v.fr\/wp-content\/uploads\/2019\/08\/bike-fenix-led-1.jpg\" alt=\"\" data-id=\"222\" data-link=\"http:\/\/100000v.fr\/?attachment_id=222\" class=\"wp-image-222\" srcset=\"https:\/\/100000v.fr\/wp-content\/uploads\/2019\/08\/bike-fenix-led-1.jpg 800w, https:\/\/100000v.fr\/wp-content\/uploads\/2019\/08\/bike-fenix-led-1-150x150.jpg 150w, https:\/\/100000v.fr\/wp-content\/uploads\/2019\/08\/bike-fenix-led-1-300x300.jpg 300w, https:\/\/100000v.fr\/wp-content\/uploads\/2019\/08\/bike-fenix-led-1-768x768.jpg 768w\" sizes=\"(max-width: 800px) 100vw, 800px\" \/><figcaption>Bike Fenix Led<\/figcaption><\/figure><\/li><li class=\"blocks-gallery-item\"><figure><img decoding=\"async\" loading=\"lazy\" width=\"800\" height=\"800\" src=\"http:\/\/100000v.fr\/wp-content\/uploads\/2019\/08\/ELLIPTICAL-FENIX-Self-Powered-LED-PLUS-1.jpg\" alt=\"\" data-id=\"229\" data-link=\"http:\/\/100000v.fr\/?attachment_id=229\" class=\"wp-image-229\" srcset=\"https:\/\/100000v.fr\/wp-content\/uploads\/2019\/08\/ELLIPTICAL-FENIX-Self-Powered-LED-PLUS-1.jpg 800w, https:\/\/100000v.fr\/wp-content\/uploads\/2019\/08\/ELLIPTICAL-FENIX-Self-Powered-LED-PLUS-1-150x150.jpg 150w, https:\/\/100000v.fr\/wp-content\/uploads\/2019\/08\/ELLIPTICAL-FENIX-Self-Powered-LED-PLUS-1-300x300.jpg 300w, https:\/\/100000v.fr\/wp-content\/uploads\/2019\/08\/ELLIPTICAL-FENIX-Self-Powered-LED-PLUS-1-768x768.jpg 768w\" sizes=\"(max-width: 800px) 100vw, 800px\" \/><figcaption>ELLIPTICAL &#8211; FENIX Self Powered &#8211; LED PLUS<\/figcaption><\/figure><\/li><li class=\"blocks-gallery-item\"><figure><img decoding=\"async\" loading=\"lazy\" width=\"800\" height=\"800\" src=\"http:\/\/100000v.fr\/wp-content\/uploads\/2019\/08\/RUNNER-FENIX-LED-PLUS.jpg\" alt=\"\" data-id=\"217\" data-link=\"http:\/\/100000v.fr\/?attachment_id=217\" class=\"wp-image-217\" srcset=\"https:\/\/100000v.fr\/wp-content\/uploads\/2019\/08\/RUNNER-FENIX-LED-PLUS.jpg 800w, https:\/\/100000v.fr\/wp-content\/uploads\/2019\/08\/RUNNER-FENIX-LED-PLUS-150x150.jpg 150w, https:\/\/100000v.fr\/wp-content\/uploads\/2019\/08\/RUNNER-FENIX-LED-PLUS-300x300.jpg 300w, https:\/\/100000v.fr\/wp-content\/uploads\/2019\/08\/RUNNER-FENIX-LED-PLUS-768x768.jpg 768w\" sizes=\"(max-width: 800px) 100vw, 800px\" \/><figcaption>Runner Fenix Led plus<\/figcaption><\/figure><\/li><li class=\"blocks-gallery-item\"><figure><img decoding=\"async\" loading=\"lazy\" width=\"800\" height=\"800\" src=\"http:\/\/100000v.fr\/wp-content\/uploads\/2019\/08\/MULTI-HIP.jpg\" alt=\"\" data-id=\"215\" data-link=\"http:\/\/100000v.fr\/?attachment_id=215\" class=\"wp-image-215\" srcset=\"https:\/\/100000v.fr\/wp-content\/uploads\/2019\/08\/MULTI-HIP.jpg 800w, https:\/\/100000v.fr\/wp-content\/uploads\/2019\/08\/MULTI-HIP-150x150.jpg 150w, https:\/\/100000v.fr\/wp-content\/uploads\/2019\/08\/MULTI-HIP-300x300.jpg 300w, https:\/\/100000v.fr\/wp-content\/uploads\/2019\/08\/MULTI-HIP-768x768.jpg 768w\" sizes=\"(max-width: 800px) 100vw, 800px\" \/><figcaption>MULTI HIP<\/figcaption><\/figure><\/li><li class=\"blocks-gallery-item\"><figure><img decoding=\"async\" loading=\"lazy\" width=\"800\" height=\"800\" src=\"http:\/\/100000v.fr\/wp-content\/uploads\/2019\/08\/STANDING-AND-SEATED-DOUBLE-TWISTER.jpg\" alt=\"\" data-id=\"216\" data-link=\"http:\/\/100000v.fr\/?attachment_id=216\" class=\"wp-image-216\" srcset=\"https:\/\/100000v.fr\/wp-content\/uploads\/2019\/08\/STANDING-AND-SEATED-DOUBLE-TWISTER.jpg 800w, https:\/\/100000v.fr\/wp-content\/uploads\/2019\/08\/STANDING-AND-SEATED-DOUBLE-TWISTER-150x150.jpg 150w, https:\/\/100000v.fr\/wp-content\/uploads\/2019\/08\/STANDING-AND-SEATED-DOUBLE-TWISTER-300x300.jpg 300w, https:\/\/100000v.fr\/wp-content\/uploads\/2019\/08\/STANDING-AND-SEATED-DOUBLE-TWISTER-768x768.jpg 768w\" sizes=\"(max-width: 800px) 100vw, 800px\" \/><figcaption>2 personnes : STANDING AND SEATED DOUBLE TWISTER<\/figcaption><\/figure><\/li><li class=\"blocks-gallery-item\"><figure><img decoding=\"async\" loading=\"lazy\" width=\"800\" height=\"800\" src=\"http:\/\/100000v.fr\/wp-content\/uploads\/2019\/08\/Alternate-Arm-Extension.jpg\" alt=\"\" data-id=\"220\" data-link=\"http:\/\/100000v.fr\/?attachment_id=220\" class=\"wp-image-220\" srcset=\"https:\/\/100000v.fr\/wp-content\/uploads\/2019\/08\/Alternate-Arm-Extension.jpg 800w, https:\/\/100000v.fr\/wp-content\/uploads\/2019\/08\/Alternate-Arm-Extension-150x150.jpg 150w, https:\/\/100000v.fr\/wp-content\/uploads\/2019\/08\/Alternate-Arm-Extension-300x300.jpg 300w, https:\/\/100000v.fr\/wp-content\/uploads\/2019\/08\/Alternate-Arm-Extension-768x768.jpg 768w\" sizes=\"(max-width: 800px) 100vw, 800px\" \/><figcaption>Alternate Arm Extension<\/figcaption><\/figure><\/li><li class=\"blocks-gallery-item\"><figure><img decoding=\"async\" loading=\"lazy\" width=\"800\" height=\"800\" src=\"http:\/\/100000v.fr\/wp-content\/uploads\/2019\/08\/CURLING-MACHINE.jpg\" alt=\"\" data-id=\"223\" data-link=\"http:\/\/100000v.fr\/?attachment_id=223\" class=\"wp-image-223\" srcset=\"https:\/\/100000v.fr\/wp-content\/uploads\/2019\/08\/CURLING-MACHINE.jpg 800w, https:\/\/100000v.fr\/wp-content\/uploads\/2019\/08\/CURLING-MACHINE-150x150.jpg 150w, https:\/\/100000v.fr\/wp-content\/uploads\/2019\/08\/CURLING-MACHINE-300x300.jpg 300w, https:\/\/100000v.fr\/wp-content\/uploads\/2019\/08\/CURLING-MACHINE-768x768.jpg 768w\" sizes=\"(max-width: 800px) 100vw, 800px\" \/><figcaption>CURLING MACHINE<\/figcaption><\/figure><\/li><li class=\"blocks-gallery-item\"><figure><img decoding=\"async\" loading=\"lazy\" width=\"800\" height=\"800\" src=\"http:\/\/100000v.fr\/wp-content\/uploads\/2019\/08\/ABDUCTORADDUCTOR-MACHINE.jpg\" alt=\"\" data-id=\"225\" data-link=\"http:\/\/100000v.fr\/?attachment_id=225\" class=\"wp-image-225\" srcset=\"https:\/\/100000v.fr\/wp-content\/uploads\/2019\/08\/ABDUCTORADDUCTOR-MACHINE.jpg 800w, https:\/\/100000v.fr\/wp-content\/uploads\/2019\/08\/ABDUCTORADDUCTOR-MACHINE-150x150.jpg 150w, https:\/\/100000v.fr\/wp-content\/uploads\/2019\/08\/ABDUCTORADDUCTOR-MACHINE-300x300.jpg 300w, https:\/\/100000v.fr\/wp-content\/uploads\/2019\/08\/ABDUCTORADDUCTOR-MACHINE-768x768.jpg 768w\" sizes=\"(max-width: 800px) 100vw, 800px\" \/><figcaption>ABDUCTOR\/ADDUCTOR MACHINE<\/figcaption><\/figure><\/li><li class=\"blocks-gallery-item\"><figure><img decoding=\"async\" loading=\"lazy\" width=\"800\" height=\"800\" src=\"http:\/\/100000v.fr\/wp-content\/uploads\/2019\/08\/PECK-BACK.jpg\" alt=\"\" data-id=\"226\" data-link=\"http:\/\/100000v.fr\/?attachment_id=226\" class=\"wp-image-226\" srcset=\"https:\/\/100000v.fr\/wp-content\/uploads\/2019\/08\/PECK-BACK.jpg 800w, https:\/\/100000v.fr\/wp-content\/uploads\/2019\/08\/PECK-BACK-150x150.jpg 150w, https:\/\/100000v.fr\/wp-content\/uploads\/2019\/08\/PECK-BACK-300x300.jpg 300w, https:\/\/100000v.fr\/wp-content\/uploads\/2019\/08\/PECK-BACK-768x768.jpg 768w\" sizes=\"(max-width: 800px) 100vw, 800px\" \/><figcaption>PECK BACK<\/figcaption><\/figure><\/li><li class=\"blocks-gallery-item\"><figure><img decoding=\"async\" loading=\"lazy\" width=\"800\" height=\"800\" src=\"http:\/\/100000v.fr\/wp-content\/uploads\/2019\/08\/VERTICAL-CHEST-PRESS-1.jpg\" alt=\"\" data-id=\"227\" data-link=\"http:\/\/100000v.fr\/?attachment_id=227\" class=\"wp-image-227\" srcset=\"https:\/\/100000v.fr\/wp-content\/uploads\/2019\/08\/VERTICAL-CHEST-PRESS-1.jpg 800w, https:\/\/100000v.fr\/wp-content\/uploads\/2019\/08\/VERTICAL-CHEST-PRESS-1-150x150.jpg 150w, https:\/\/100000v.fr\/wp-content\/uploads\/2019\/08\/VERTICAL-CHEST-PRESS-1-300x300.jpg 300w, https:\/\/100000v.fr\/wp-content\/uploads\/2019\/08\/VERTICAL-CHEST-PRESS-1-768x768.jpg 768w\" sizes=\"(max-width: 800px) 100vw, 800px\" \/><figcaption>VERTICAL CHEST PRESS<\/figcaption><\/figure><\/li><li class=\"blocks-gallery-item\"><figure><img decoding=\"async\" loading=\"lazy\" width=\"800\" height=\"800\" src=\"http:\/\/100000v.fr\/wp-content\/uploads\/2019\/08\/JUNGLE-MACHINE-1.png\" alt=\"\" data-id=\"232\" data-link=\"http:\/\/100000v.fr\/?attachment_id=232\" class=\"wp-image-232\" srcset=\"https:\/\/100000v.fr\/wp-content\/uploads\/2019\/08\/JUNGLE-MACHINE-1.png 800w, https:\/\/100000v.fr\/wp-content\/uploads\/2019\/08\/JUNGLE-MACHINE-1-150x150.png 150w, https:\/\/100000v.fr\/wp-content\/uploads\/2019\/08\/JUNGLE-MACHINE-1-300x300.png 300w, https:\/\/100000v.fr\/wp-content\/uploads\/2019\/08\/JUNGLE-MACHINE-1-768x768.png 768w\" sizes=\"(max-width: 800px) 100vw, 800px\" \/><figcaption>\u00c9quipement multistation: possibilit\u00e9 d&#8217;un entra\u00eenement de groupe, jusqu&#8217;\u00e0 4 personnes <\/figcaption><\/figure><\/li><li class=\"blocks-gallery-item\"><figure><img decoding=\"async\" loading=\"lazy\" width=\"800\" height=\"800\" src=\"http:\/\/100000v.fr\/wp-content\/uploads\/2019\/08\/1sc113a-1sc201_smith_machine_linear_bearings.jpg\" alt=\"\" data-id=\"233\" data-link=\"http:\/\/100000v.fr\/?attachment_id=233\" class=\"wp-image-233\" srcset=\"https:\/\/100000v.fr\/wp-content\/uploads\/2019\/08\/1sc113a-1sc201_smith_machine_linear_bearings.jpg 800w, https:\/\/100000v.fr\/wp-content\/uploads\/2019\/08\/1sc113a-1sc201_smith_machine_linear_bearings-150x150.jpg 150w, https:\/\/100000v.fr\/wp-content\/uploads\/2019\/08\/1sc113a-1sc201_smith_machine_linear_bearings-300x300.jpg 300w, https:\/\/100000v.fr\/wp-content\/uploads\/2019\/08\/1sc113a-1sc201_smith_machine_linear_bearings-768x768.jpg 768w\" sizes=\"(max-width: 800px) 100vw, 800px\" \/><figcaption>Smith Machine Linear Bearings<\/figcaption><\/figure><\/li><li class=\"blocks-gallery-item\"><figure><img decoding=\"async\" loading=\"lazy\" width=\"800\" height=\"800\" src=\"http:\/\/100000v.fr\/wp-content\/uploads\/2019\/08\/SEATED-LEG-CURLING.jpg\" alt=\"\" data-id=\"234\" data-link=\"http:\/\/100000v.fr\/?attachment_id=234\" class=\"wp-image-234\" srcset=\"https:\/\/100000v.fr\/wp-content\/uploads\/2019\/08\/SEATED-LEG-CURLING.jpg 800w, https:\/\/100000v.fr\/wp-content\/uploads\/2019\/08\/SEATED-LEG-CURLING-150x150.jpg 150w, https:\/\/100000v.fr\/wp-content\/uploads\/2019\/08\/SEATED-LEG-CURLING-300x300.jpg 300w, https:\/\/100000v.fr\/wp-content\/uploads\/2019\/08\/SEATED-LEG-CURLING-768x768.jpg 768w\" sizes=\"(max-width: 800px) 100vw, 800px\" \/><figcaption>SEATED LEG CURLING<\/figcaption><\/figure><\/li><li class=\"blocks-gallery-item\"><figure><img decoding=\"async\" loading=\"lazy\" width=\"800\" height=\"800\" src=\"http:\/\/100000v.fr\/wp-content\/uploads\/2019\/08\/HORIZONTAL-ADJUSTABLE-LEG-PRES.jpg\" alt=\"\" data-id=\"237\" data-link=\"http:\/\/100000v.fr\/?attachment_id=237\" class=\"wp-image-237\" srcset=\"https:\/\/100000v.fr\/wp-content\/uploads\/2019\/08\/HORIZONTAL-ADJUSTABLE-LEG-PRES.jpg 800w, https:\/\/100000v.fr\/wp-content\/uploads\/2019\/08\/HORIZONTAL-ADJUSTABLE-LEG-PRES-150x150.jpg 150w, https:\/\/100000v.fr\/wp-content\/uploads\/2019\/08\/HORIZONTAL-ADJUSTABLE-LEG-PRES-300x300.jpg 300w, https:\/\/100000v.fr\/wp-content\/uploads\/2019\/08\/HORIZONTAL-ADJUSTABLE-LEG-PRES-768x768.jpg 768w\" sizes=\"(max-width: 800px) 100vw, 800px\" \/><figcaption>HORIZONTAL ADJUSTABLE LEG PRES <\/figcaption><\/figure><\/li><li class=\"blocks-gallery-item\"><figure><img decoding=\"async\" loading=\"lazy\" width=\"500\" height=\"500\" src=\"http:\/\/100000v.fr\/wp-content\/uploads\/2019\/08\/LEG-EXTENSION-xpl081.jpg\" alt=\"\" data-id=\"288\" data-link=\"http:\/\/100000v.fr\/?attachment_id=288\" class=\"wp-image-288\" srcset=\"https:\/\/100000v.fr\/wp-content\/uploads\/2019\/08\/LEG-EXTENSION-xpl081.jpg 500w, https:\/\/100000v.fr\/wp-content\/uploads\/2019\/08\/LEG-EXTENSION-xpl081-150x150.jpg 150w, https:\/\/100000v.fr\/wp-content\/uploads\/2019\/08\/LEG-EXTENSION-xpl081-300x300.jpg 300w\" sizes=\"(max-width: 500px) 100vw, 500px\" \/><figcaption>LEG EXTENSION xpl081<\/figcaption><\/figure><\/li><\/ul>\n","protected":false},"excerpt":{"rendered":"<p>La salle de musculation est \u00e9quip\u00e9e par Panatta, mat\u00e9riel haut de gamme.<\/p>\n","protected":false},"author":1,"featured_media":272,"parent":0,"menu_order":0,"comment_status":"closed","ping_status":"closed","template":"","meta":[],"_links":{"self":[{"href":"https:\/\/100000v.fr\/index.php?rest_route=\/wp\/v2\/pages\/191"}],"collection":[{"href":"https:\/\/100000v.fr\/index.php?rest_route=\/wp\/v2\/pages"}],"about":[{"href":"https:\/\/100000v.fr\/index.php?rest_route=\/wp\/v2\/types\/page"}],"author":[{"embeddable":true,"href":"https:\/\/100000v.fr\/index.php?rest_route=\/wp\/v2\/users\/1"}],"replies":[{"embeddable":true,"href":"https:\/\/100000v.fr\/index.php?rest_route=%2Fwp%2Fv2%2Fcomments&post=191"}],"version-history":[{"count":14,"href":"https:\/\/100000v.fr\/index.php?rest_route=\/wp\/v2\/pages\/191\/revisions"}],"predecessor-version":[{"id":392,"href":"https:\/\/100000v.fr\/index.php?rest_route=\/wp\/v2\/pages\/191\/revisions\/392"}],"wp:featuredmedia":[{"embeddable":true,"href":"https:\/\/100000v.fr\/index.php?rest_route=\/wp\/v2\/media\/272"}],"wp:attachment":[{"href":"https:\/\/100000v.fr\/index.php?rest_route=%2Fwp%2Fv2%2Fmedia&parent=191"}],"curies":[{"name":"wp","href":"https:\/\/api.w.org\/{rel}","templated":true}]}}