{"id":527,"date":"2025-02-05T16:58:24","date_gmt":"2025-02-05T15:58:24","guid":{"rendered":"http:\/\/100000v.fr\/?page_id=527"},"modified":"2025-11-20T13:28:00","modified_gmt":"2025-11-20T12:28:00","slug":"la-kinesitherapie-2","status":"publish","type":"page","link":"https:\/\/100000v.fr\/?page_id=527","title":{"rendered":"Notre \u00e9quipe de kin\u00e9sith\u00e9rapie"},"content":{"rendered":"\n<p class=\"has-medium-font-size\"><strong>Nous vous recevons, sur rendez-vous, dans notre cabinet adjacent \u00e0 la salle de sport mais aussi \u00e0 domicile.<\/strong><\/p>\n\n\n\n<div class=\"is-layout-constrained wp-block-group\"><div class=\"wp-block-group__inner-container\">\n<figure class=\"wp-block-image size-full\"><img decoding=\"async\" loading=\"lazy\" width=\"526\" height=\"323\" src=\"http:\/\/100000v.fr\/wp-content\/uploads\/2025\/02\/d18fe5fe-46a3-4f14-8ae3-4d619edd7fc8.jpeg\" alt=\"\" class=\"wp-image-533\" srcset=\"https:\/\/100000v.fr\/wp-content\/uploads\/2025\/02\/d18fe5fe-46a3-4f14-8ae3-4d619edd7fc8.jpeg 526w, https:\/\/100000v.fr\/wp-content\/uploads\/2025\/02\/d18fe5fe-46a3-4f14-8ae3-4d619edd7fc8-300x184.jpeg 300w\" sizes=\"(max-width: 526px) 100vw, 526px\" \/><\/figure>\n\n\n\n<p><strong>Cl\u00e9ment Fransolet<\/strong>: Kin\u00e9sith\u00e9rapeute sp\u00e9cialis\u00e9 dans la kin\u00e9sith\u00e9rapie du sport <\/p>\n<\/div><\/div>\n\n\n\n<div class=\"is-layout-constrained wp-block-group\"><div class=\"wp-block-group__inner-container\">\n<figure class=\"wp-block-image size-full is-resized\"><img decoding=\"async\" loading=\"lazy\" src=\"http:\/\/100000v.fr\/wp-content\/uploads\/2025\/02\/yh5qosnh.png\" alt=\"\" class=\"wp-image-537\" width=\"237\" height=\"300\" srcset=\"https:\/\/100000v.fr\/wp-content\/uploads\/2025\/02\/yh5qosnh.png 316w, https:\/\/100000v.fr\/wp-content\/uploads\/2025\/02\/yh5qosnh-237x300.png 237w\" sizes=\"(max-width: 237px) 100vw, 237px\" \/><\/figure>\n\n\n\n<p><strong>Pierre Giro<\/strong>: Masseur kin\u00e9sith\u00e9rapeute, Docteur Es Sciences Naturelles, form\u00e9 \u00e0 la m\u00e9thode Mckenzie. <\/p>\n<\/div><\/div>\n\n\n\n<p><\/p>\n","protected":false},"excerpt":{"rendered":"<p>Nous vous recevons, sur rendez-vous, dans notre cabinet adjacent \u00e0 la salle de sport mais aussi \u00e0 domicile. Cl\u00e9ment Fransolet: Kin\u00e9sith\u00e9rapeute sp\u00e9cialis\u00e9 dans la kin\u00e9sith\u00e9rapie du sport Pierre Giro: Masseur kin\u00e9sith\u00e9rapeute, Docteur Es Sciences Naturelles, form\u00e9 \u00e0 la m\u00e9thode Mckenzie.<\/p>\n","protected":false},"author":1,"featured_media":528,"parent":0,"menu_order":0,"comment_status":"closed","ping_status":"closed","template":"","meta":[],"_links":{"self":[{"href":"https:\/\/100000v.fr\/index.php?rest_route=\/wp\/v2\/pages\/527"}],"collection":[{"href":"https:\/\/100000v.fr\/index.php?rest_route=\/wp\/v2\/pages"}],"about":[{"href":"https:\/\/100000v.fr\/index.php?rest_route=\/wp\/v2\/types\/page"}],"author":[{"embeddable":true,"href":"https:\/\/100000v.fr\/index.php?rest_route=\/wp\/v2\/users\/1"}],"replies":[{"embeddable":true,"href":"https:\/\/100000v.fr\/index.php?rest_route=%2Fwp%2Fv2%2Fcomments&post=527"}],"version-history":[{"count":9,"href":"https:\/\/100000v.fr\/index.php?rest_route=\/wp\/v2\/pages\/527\/revisions"}],"predecessor-version":[{"id":558,"href":"https:\/\/100000v.fr\/index.php?rest_route=\/wp\/v2\/pages\/527\/revisions\/558"}],"wp:featuredmedia":[{"embeddable":true,"href":"https:\/\/100000v.fr\/index.php?rest_route=\/wp\/v2\/media\/528"}],"wp:attachment":[{"href":"https:\/\/100000v.fr\/index.php?rest_route=%2Fwp%2Fv2%2Fmedia&parent=527"}],"curies":[{"name":"wp","href":"https:\/\/api.w.org\/{rel}","templated":true}]}}